{"id":36,"date":"2021-08-09T09:26:36","date_gmt":"2021-08-09T07:26:36","guid":{"rendered":"http:\/\/ionela-prodan.com\/?page_id=36"},"modified":"2021-08-10T23:24:11","modified_gmt":"2021-08-10T21:24:11","slug":"responsabilities","status":"publish","type":"page","link":"https:\/\/ionela-prodan.com\/index.php\/responsabilities\/","title":{"rendered":"Responsabilities"},"content":{"rendered":"\n<h2>Projects<\/h2>\n\n\n\n<ul><li>Main coordinator of a Partenariats Hubert Curien in-between France and UK.<br>Title: Hierarchical fault tolerant control design for smart grids<br>Project number: 43234RH<br>Duration: 2018 &#8211; 2020 (2021 due to Covid19 crisis)<\/li><\/ul>\n\n\n\n<ul><li>Member of a DGA project. Co-supervision of the thesis of D. Ioan.<br>Project number 2017352<br>Duration: Oct. 2017-2020 (extension over 6 months due to Covid19 crisis)<\/li><\/ul>\n\n\n\n<ul><li>Member of a ANR PRC project. Co-supervision of the thesis of I. Zafeiratou.<br>Project name: C3\u00b5 (Components, Contro and Communication for Microgrids DC)<br>Project number 15CE0500402<br>Duration: Feb. 2016-2019<\/li><\/ul>\n\n\n\n<ul><li>MCT project for young researchers founded by the romanian government.<br>Project name: B-splines approximations in motion planning<br>Project number: MCT-2019-0112<\/li><\/ul>\n\n\n\n<ul><li>Main coordinator of a Partenariats Hubert Curien in-between France and Norway.<br>Title: Structure Inspection based on cooperative strategies for autonomous robots<br>Project number: 38495XJ<br>Duration: 2017 &#8211; 2019<\/li><\/ul>\n\n\n\n<ul><li>MCT project for young researchers founded by the romanian government.<br>Project name: Mixed-integer programming techniques in control design.<br>Project number: MCT-2016-0037<\/li><\/ul>\n\n\n\n<h2>Jury Member<\/h2>\n\n\n\n<ul><li>Reviewer for the thesis of Jesse-James PRINCE<br>Place: CentraleSup\u00e9lec CNRS IETR, Rennes, France<br>Thesis title: Resilience in energy management systems<br>Date: May 2021<\/li><\/ul>\n\n\n\n<ul><li>Examiner for the thesis of Sif Eddine BENHAMED<br>Place: CRAN, Univ. de Lorraine, France<br>Thesis title: Distributed command of DC microgrids<br>Date: Feb. 2021<\/li><\/ul>\n\n\n\n<ul><li>Examiner for the thesis of Joao Cavalcanti SANTOS<br>Place: LIRMM, Univ. de Montpellier, France<br>Thesis title: Model Predictive Tracking Control of Cable-Driven Parallel Robots: From Concepts to Real-Time Validation<br>Date: Oct. 2020<\/li><\/ul>\n\n\n\n<ul><li>Examiner for the thesis of Nathan MICHEL<br>Place: CentraleSup\u00e9lec, Univ. Paris-Saclay, Paris, France<br>Thesis title: Invariant Sets Construction for quadricopter command under constraints<br>Date: Sept. 2020<\/li><\/ul>\n\n\n\n<ul><li>Examiner for the thesis of Khaled BENKHOUD<br>Place: Univ. de Rouen, Normandy, France<br>Thesis title: Synth\u00e8se de lois de commandes robustes et intelligentes pour le controle de drones convertibles de types QTW<br>Date: Sept. 2020<\/li><\/ul>\n\n\n\n<ul><li>Examiner for the thesis of Suyao KONG<br>Place: Univ. de Technologie Belfort-Montb\u00e9liard, Belfort, France<br>Thesis title: Commande de syst\u00e8mes hybride par la m\u00e9thode IDA-PBC<br>Link: <a href=\"http:\/\/www.theses.fr\/s198512\" data-type=\"URL\" data-id=\"http:\/\/www.theses.fr\/s198512\">http:\/\/www.theses.fr\/s198512<\/a><br>Date: May 2020<\/li><\/ul>\n\n\n\n<ul><li>Opponent for the thesis of Fabio ANDRADE<br>Place: Norwegian University of Science and Technology, Trondheim, Norway<br>Thesis title: Real-time and offline path-planning of unmanned Aerial Vehicles for maritime and coastal applications<br>Link: <a href=\"https:\/\/ntnuopen.ntnu.no\/ntnu-xmlui\/handle\/11250\/2640229?show=full\" data-type=\"URL\" data-id=\"https:\/\/ntnuopen.ntnu.no\/ntnu-xmlui\/handle\/11250\/2640229?show=full\">https:\/\/ntnuopen.ntnu.no\/ntnu-xmlui\/handle\/11250\/2640229?show=full<\/a><br>Date: Nov. 2019<\/li><\/ul>\n\n\n\n<ul><li>Examiner for the thesis of Bei LI<br>Place: Univ. de Technologie Belfort-Montb\u00e9liard, Belfort, France<br>Thesis title: Sizing and Operation of Multi-Energy Hydrogen-Based Microgrids<br>Link: <a href=\"https:\/\/tel.archives-ouvertes.fr\/tel-02077668\/document\" data-type=\"URL\" data-id=\"https:\/\/tel.archives-ouvertes.fr\/tel-02077668\/document\">https:\/\/tel.archives-ouvertes.fr\/tel-02077668\/document<\/a><br>Date: Sept. 2018<\/li><\/ul>\n\n\n\n<ul><li>Examiner for the thesis of Minh Tri NGUYEN<br>Place: CentraleSup\u00e9lec, Univ. Paris-Saclay, Paris, France<br>Thesis title: Commande pr\u00e9dictive sous contraintes de s\u00e9curit\u00e9 pour des syst\u00e8mes dynamiques multi-agents<br>Link: <a href=\"https:\/\/tel.archives-ouvertes.fr\/tel-01414560\/document\" data-type=\"URL\" data-id=\"https:\/\/tel.archives-ouvertes.fr\/tel-01414560\/document\">https:\/\/tel.archives-ouvertes.fr\/tel-01414560\/document<\/a><br>Date: Oct. 2016<\/li><\/ul>\n\n\n\n<h2>Selection Committees for Assistant Prof.<\/h2>\n\n\n\n<ul><li>Member of the selection committee<br>Type: 61 MCF LRU<br>Place: L2S, CentraleSup\u00e9lec, France<br>Date: Jun 2021<\/li><\/ul>\n\n\n\n<ul><li>Member of the selection committee<br>Type: 63 MCF 4076<br>Place: Institut FEMTO-ST, Univ. Belfort-Montb\u00e9liard, France<br>Date: Mai 2021<\/li><\/ul>\n\n\n\n<ul><li>Member of the selection committee<br>Type: 61-62 MCF 4301<br>Place: Univ. de la R\u00e9union, UFR ST, Energy lab, France<br>Date: Nov 2020<\/li><\/ul>\n\n\n\n<ul><li>Member of the selection committee<br>Type: 61 MCF<br>Place: L2S, CentraleSup\u00e9lec, France<br>Date: Jun 2020<\/li><\/ul>\n\n\n\n<ul><li>Member of the selection committee<br>Type: 61 MCF 0201<br>Place: ENSEM, CRAN, Univ. de Lorraine, France<br>Date: May 2020<\/li><\/ul>\n\n\n\n<ul><li>Member of the selection committee<br>Type: 61 MCF 1436<br>Place: ENSMM, FEMTO-ST, Besan\u00e7on, France<br>Date: May 2016<\/li><\/ul>\n\n\n\n<ul><li>Member of the selection committee<br>Type: 27 MCF 0121<br>Place: IUT Valence, Univ. Grenoble Alpes, France<br>Date: May 2015<\/li><\/ul>\n\n\n\n<h2>Technical Committees<\/h2>\n\n\n\n<ul><li>Member of the scientific committee for the conference ELECTRIMACS 2022<br>Date: 16-19 Mai 2021<br>Place: Nancy France<br>Link: <a href=\"https:\/\/electrimacs2021.sciencesconf.org\" data-type=\"URL\" data-id=\"https:\/\/electrimacs2021.sciencesconf.org\">https:\/\/electrimacs2021.sciencesconf.org<\/a><\/li><\/ul>\n\n\n\n<ul><li>Organizer of the invited session &#8220;Control strategies for energy harvesting and energy saving in complex systems affected by uncertainties&#8221;<br>Conference: CDC 2021 (the 60th IEEE conference on Decision and Control)<br>Place Austin, Texas<br>Link: <a href=\"https:\/\/2021.ieeecdc.org\" data-type=\"URL\" data-id=\"https:\/\/2021.ieeecdc.org\">https:\/\/2021.ieeecdc.org<\/a><\/li><\/ul>\n\n\n\n<ul><li>Member of the &#8220;Editorial Board of Networked Control as Review Editor for Frontiers in Control Engineering&#8221;<br>Link: <a href=\"https:\/\/www.frontiersin.org\/journals\/control-engineering\" data-type=\"URL\" data-id=\"https:\/\/www.frontiersin.org\/journals\/control-engineering\">https:\/\/www.frontiersin.org\/journals\/control-engineering<\/a><br>Date: since 2020<\/li><\/ul>\n\n\n\n<ul><li>Member of the technical committee IFAC \u201cTC 6.3. Power and Energy Systems\u201d<br>Link: <a href=\"https:\/\/www.ifac-control.org\/areas\" data-type=\"URL\" data-id=\"https:\/\/www.ifac-control.org\/areas\">https:\/\/www.ifac-control.org\/areas<\/a><br>Date: since 2020<\/li><\/ul>\n\n\n\n<ul><li>Organizer of the invited session \u201cMixed integer programming in control\u201d (I. Prodan, F. Stoican, B. Stellato)<br>Conference: EUCCO 2016 (4th European Conference on Computational Optimization)<br>Place: Leuven, Belgium<br>Date: Sept. 2016<br>Link: <a href=\"https:\/\/kuleuvencongres.be\/eucco2016\/Focus\" data-type=\"URL\" data-id=\"https:\/\/kuleuvencongres.be\/eucco2016\/Focus\">https:\/\/kuleuvencongres.be\/eucco2016\/Focus<\/a><\/li><\/ul>\n\n\n\n<ul><li> Session Chair in various international conferences<br>\u00ab Grid Control \u00bb in IEEE Multi-Conference on Systems and Control (MSC\u201914)<br>\u00ab Autonomous Systems \u00bb in Mediterranean Control Conference (MED\u201917)<br>\u00ab Microgrids and Electrical Power Systems \u00bb in European Control Conference (ECC\u201918)<br>\u00ab Nonlinear Predictive Control \u00bb and \u00ab Unmanned Vehicles \u00bb in American Control Conference (ACC\u201919)<\/li><\/ul>\n\n\n\n<p><\/p>\n","protected":false},"excerpt":{"rendered":"<p>Projects Main coordinator of a Partenariats Hubert Curien in-between France and UK.Title: Hierarchical fault tolerant control design for smart gridsProject number: 43234RHDuration: 2018 &#8211; 2020 (2021 due to Covid19 crisis) Member of a DGA project. Co-supervision of the thesis of D. Ioan.Project number 2017352Duration: Oct. 2017-2020 (extension over 6 months due to Covid19 crisis) Member &hellip; <a href=\"https:\/\/ionela-prodan.com\/index.php\/responsabilities\/\">Continue reading <span class=\"meta-nav\">&rarr;<\/span><\/a><\/p>\n","protected":false},"author":1,"featured_media":0,"parent":0,"menu_order":0,"comment_status":"closed","ping_status":"closed","template":"","meta":[],"_links":{"self":[{"href":"https:\/\/ionela-prodan.com\/index.php\/wp-json\/wp\/v2\/pages\/36"}],"collection":[{"href":"https:\/\/ionela-prodan.com\/index.php\/wp-json\/wp\/v2\/pages"}],"about":[{"href":"https:\/\/ionela-prodan.com\/index.php\/wp-json\/wp\/v2\/types\/page"}],"author":[{"embeddable":true,"href":"https:\/\/ionela-prodan.com\/index.php\/wp-json\/wp\/v2\/users\/1"}],"replies":[{"embeddable":true,"href":"https:\/\/ionela-prodan.com\/index.php\/wp-json\/wp\/v2\/comments?post=36"}],"version-history":[{"count":13,"href":"https:\/\/ionela-prodan.com\/index.php\/wp-json\/wp\/v2\/pages\/36\/revisions"}],"predecessor-version":[{"id":82,"href":"https:\/\/ionela-prodan.com\/index.php\/wp-json\/wp\/v2\/pages\/36\/revisions\/82"}],"wp:attachment":[{"href":"https:\/\/ionela-prodan.com\/index.php\/wp-json\/wp\/v2\/media?parent=36"}],"curies":[{"name":"wp","href":"https:\/\/api.w.org\/{rel}","templated":true}]}}