{"id":30,"date":"2021-08-09T09:24:03","date_gmt":"2021-08-09T07:24:03","guid":{"rendered":"http:\/\/ionela-prodan.com\/?page_id=30"},"modified":"2021-08-09T23:13:38","modified_gmt":"2021-08-09T21:13:38","slug":"supervision","status":"publish","type":"page","link":"https:\/\/ionela-prodan.com\/index.php\/supervision\/","title":{"rendered":"Supervision"},"content":{"rendered":"\n<h2>Ph. D. Students<\/h2>\n\n\n\n<h3><strong>T.H. Pham<\/strong><\/h3>\n\n\n\n<ul><li>Thesis Title : Constrained optimization-based control for DC microgrids.<\/li><li>Publications : J11,C39,C33,C25,C2.<\/li><li>Founding : projet europ\u00e9en Artemis ARROWHEAD no.332987.<\/li><li>Defense : 11 December 2017.<\/li><li>Doctoral School : EEATS (\u00c9lectronique, \u00c9lectrotechnique, Automatique, T\u00e9l\u00e9com.), Grenoble INP.<\/li><li>Supervision : I. Prodan (40 %), D. Genon-Catalot (20 %), L. L\u00e8fevre (40 %, directeur de th\u00e8se).<\/li><li>Current Position : Postdoc at L2S laboratory, CentraleSup\u00e9lec, France.<\/li><\/ul>\n\n\n\n<h3><strong>Y. Hervagault<\/strong><\/h3>\n\n\n\n<ul><li>Thesis Title : Design and Implementation of an Effective Communication and Coordination System for Unmanned Surface Vehicles (USV).<\/li><li>Publications : C43,C28,W4 pour la partie contr\u00f4le-commande de la th\u00e8se.<\/li><li>Founding : CIFRE ANRT.<\/li><li>Defense : 17 September 2019.<\/li><li>Doctoral School : EEATS (\u00c9lectronique, \u00c9lectrotechnique, Automatique, T\u00e9l\u00e9com.), Grenoble INP.<\/li><li>Supervision : I. Prodan (25 %), D. Kaddour (25 %), P. Lemaitre-Auger (25 %), L. L\u00e8fevre (25 %, directeur).<\/li><li>Current Position : Ing\u00e9nieur en CDI at CT2MC, Chamb\u00e9ry, France.<\/li><\/ul>\n\n\n\n<h3><strong>N.T. Nguyen<\/strong><\/h3>\n\n\n\n<ul><li>Thesis Title : Reliable hierarchical control for multicopter systems.<\/li><li>Publications : J12,J16,J8,C51,C52,C45,C44,C38,C32,C31,W6,W7.<\/li><li>Founding : MENRT.<\/li><li>Defense : 6 December 2019.<\/li><li>Doctoral School : EEATS (\u00c9lectronique, \u00c9lectrotechnique, Automatique, T\u00e9l\u00e9com.), Grenoble INP.<\/li><li>Supervision : I. Prodan (80%), L. L\u00e8fevre (20%, directeur de th\u00e8se).<\/li><li>Current Position : Postdoc Institute of Robotics Luebeck, Germany.<\/li><\/ul>\n\n\n\n<h3><strong>N.H. Tran<\/strong><\/h3>\n\n\n\n<ul><li>Thesis Title : Motion planning for multi-agent dynamical systems in a variable environment.<\/li><li>Publications : J13,C42,C40,C30.<\/li><li>Founding :bourse du gouvernement vietnamien.<\/li><li>Defense : 19 December 2019.<\/li><li>Doctoral School : EEATS (\u00c9lectronique, \u00c9lectrotechnique, Automatique, T\u00e9l\u00e9com.), Grenoble INP.<\/li><li>Supervision : I. Prodan (80%), L. L\u00e8fevre (20%, directeur de th\u00e8se).<\/li><li>Current Position : Assoc. Prof. Danang Univ. of Technology, Danang, Vietnam.<\/li><\/ul>\n\n\n\n<h3><strong>I. Zafeiratou<\/strong><\/h3>\n\n\n\n<ul><li>Thesis Title : Hierarchical control of a meshed DC microgrid through constrained optimization.<\/li><li>Publications : J10,J17,C53,C54,C41,C36,W5.<\/li><li>Founding : projet national ANR C3\u03bcno. ANR15CE0500402.<\/li><li>Defense : 6 February 2020.<\/li><li>Doctoral School : EEATS (\u00c9lectronique, \u00c9lectrotechnique, Automatique, T\u00e9l\u00e9com.), Grenoble INP.<\/li><li>Supervision : I. Prodan (40 %), L. L\u00e8fevre (40 %, directeur de th\u00e8se), L. Pietrac (20 %).<\/li><li>Current Position : Postdoc at Univ. of Athens, Greece.<\/li><\/ul>\n\n\n\n<h3><strong>D.M. Ioan<\/strong><\/h3>\n\n\n\n<ul><li>Thesis Title : Motion planning and distributed control for multi-agent dynamical systems : a mixed-integer framework.<\/li><li>Publications : J14,J9,C56,C49,C47,C48.<\/li><li>Founding : DGA no. 2017352 (Direction G\u00e9n\u00e9rale de l\u2019Armement).<\/li><li>Defense : 30 Jun 2021.<\/li><li>Doctoral School : STIC (Sciences et Technologies de l\u2019Information et de la Communication), UPS.<\/li><li>Supervision : I. Prodan (40%), S. Olaru (40%, directeur de th\u00e8se), S.I. Niculescu (20%)<\/li><\/ul>\n\n\n\n<h3><strong>A. Ben Ayed<\/strong><\/h3>\n\n\n\n<ul><li>Thesis Title : Analysis and Control of Interconnected Systems.<\/li><li>Publications : W8,W9.<\/li><li>Founding : FSR \u00c9coles doctorales, Belgique.<\/li><li>Defense (estimation) : October 2022.<\/li><li>Doctoral School : \u201cSciences de l\u2019Ing\u00e9nieur et technologie et Art de b\u00e2tir et urbanisme\u201d, Belgique.<\/li><li>Supervision : I. Prodan (30%), C.R. Rodriguez (30%), D. Dochain (40%, directeur de th\u00e8se).<\/li><\/ul>\n\n\n\n<h3><strong>T.D. Huynh<\/strong><\/h3>\n\n\n\n<ul><li>Thesis Title : Advanced management of separation processes : interactive and iterative coupling between online analysis and control.<\/li><li>Founding : ORANO et CEA Marcoule.<\/li><li>Defense (estimation) : October 2023.<\/li><li>Doctoral School : EEATS (\u00c9lectronique, \u00c9lectrotechnique, Automatique, T\u00e9l\u00e9com.), Grenoble INP.<\/li><li>Supervision : I. Prodan (50 %) et L. Lef\u00e8vre (50 %, directeur de th\u00e8se).<\/li><\/ul>\n\n\n\n<h3><strong>H.T. Nguyen<\/strong><\/h3>\n\n\n\n<ul><li>Thesis Title : Motion planning and control for variable geometry UAV operation in a cluttered environment.<\/li><li>Publications : C55,J15.<\/li><li>Founding : FCT, Portugal.<\/li><li>Defense (estimation) : October 2023.<\/li><li>Doctoral School : Facult\u00e9 d\u2019ing\u00e9nierie, Univ. de Porto, Portugal.<\/li><li>Supervision : I. Prodan (50%), F.L. Pereira (50%, directeur de th\u00e8se)<\/li><\/ul>\n\n\n\n<h2>Master Students<\/h2>\n\n\n\n<div class=\"wp-block-columns\">\n<div class=\"wp-block-column\">\n<ul><li>D. Somers (2021)<\/li><li>M. Racolta (2021)<\/li><li>H.T. DO (2021)<\/li><li>B. Gheorghe (2021)<\/li><li>T. Nicu (2021)<\/li><li>H.T. Nguyen (2019)<\/li><li>N.T.H. Bui (2019)<\/li><\/ul>\n<\/div>\n\n\n\n<div class=\"wp-block-column\">\n<ul><li>C. Kiebler (2018)<\/li><li>D.V.A. Nguyen (2018)<\/li><li>A. Zografos (2018)<\/li><li>A. Chanel (2017)<\/li><li>N.T.Nguyen (2016)<\/li><li>K. Tidriri (2015)<\/li><li>S. Zahoud (2015)<\/li><\/ul>\n<\/div>\n<\/div>\n\n\n\n<h2>Erasmus Students<\/h2>\n\n\n\n<div class=\"wp-block-columns\">\n<div class=\"wp-block-column\">\n<ul><li>B. Nistor (2019)<\/li><li>B. Gridean (2018)<\/li><li>A. Solot (2018)<\/li><li>M. Stan (2017)<\/li><\/ul>\n<\/div>\n\n\n\n<div class=\"wp-block-column\">\n<ul><li>C.E. Zica (2017)<\/li><li>T. Wis (2015)<\/li><li>L. Cie\u015bla (2015)<\/li><\/ul>\n<\/div>\n<\/div>\n\n\n\n<p><\/p>\n","protected":false},"excerpt":{"rendered":"<p>Ph. D. Students T.H. Pham Thesis Title : Constrained optimization-based control for DC microgrids. Publications : J11,C39,C33,C25,C2. Founding : projet europ\u00e9en Artemis ARROWHEAD no.332987. Defense : 11 December 2017. Doctoral School : EEATS (\u00c9lectronique, \u00c9lectrotechnique, Automatique, T\u00e9l\u00e9com.), Grenoble INP. Supervision : I. Prodan (40 %), D. Genon-Catalot (20 %), L. L\u00e8fevre (40 %, directeur de &hellip; <a href=\"https:\/\/ionela-prodan.com\/index.php\/supervision\/\">Continue reading <span class=\"meta-nav\">&rarr;<\/span><\/a><\/p>\n","protected":false},"author":1,"featured_media":0,"parent":0,"menu_order":0,"comment_status":"closed","ping_status":"closed","template":"","meta":[],"_links":{"self":[{"href":"https:\/\/ionela-prodan.com\/index.php\/wp-json\/wp\/v2\/pages\/30"}],"collection":[{"href":"https:\/\/ionela-prodan.com\/index.php\/wp-json\/wp\/v2\/pages"}],"about":[{"href":"https:\/\/ionela-prodan.com\/index.php\/wp-json\/wp\/v2\/types\/page"}],"author":[{"embeddable":true,"href":"https:\/\/ionela-prodan.com\/index.php\/wp-json\/wp\/v2\/users\/1"}],"replies":[{"embeddable":true,"href":"https:\/\/ionela-prodan.com\/index.php\/wp-json\/wp\/v2\/comments?post=30"}],"version-history":[{"count":8,"href":"https:\/\/ionela-prodan.com\/index.php\/wp-json\/wp\/v2\/pages\/30\/revisions"}],"predecessor-version":[{"id":67,"href":"https:\/\/ionela-prodan.com\/index.php\/wp-json\/wp\/v2\/pages\/30\/revisions\/67"}],"wp:attachment":[{"href":"https:\/\/ionela-prodan.com\/index.php\/wp-json\/wp\/v2\/media?parent=30"}],"curies":[{"name":"wp","href":"https:\/\/api.w.org\/{rel}","templated":true}]}}